{"id":760,"date":"2025-07-22T17:15:37","date_gmt":"2025-07-22T17:15:37","guid":{"rendered":"http:\/\/www.spadola.branddiretto.com\/spadola\/?page_id=760"},"modified":"2025-07-25T22:19:53","modified_gmt":"2025-07-25T22:19:53","slug":"i-nostri-servizi","status":"publish","type":"page","link":"https:\/\/www.spadola.branddiretto.com\/spadola\/i-nostri-servizi\/","title":{"rendered":"I nostri servizi"},"content":{"rendered":"\t\t<div data-elementor-type=\"wp-page\" data-elementor-id=\"760\" class=\"elementor elementor-760\" data-elementor-post-type=\"page\">\n\t\t\t\t<div class=\"elementor-element elementor-element-270aee4 e-con-full e-flex e-con e-parent\" data-id=\"270aee4\" data-element_type=\"container\">\n\t\t\t\t<div class=\"elementor-element elementor-element-2f976a1 e-con e-atomic-element e-flexbox-base e-2f976a1-8d026fd\" data-id=\"2f976a1\" data-element_type=\"e-flexbox\">\n\t\t<div class=\"elementor-element elementor-element-b184c97 e-flex e-con-boxed e-con e-parent\" data-id=\"b184c97\" data-element_type=\"container\">\n\t\t\t\t\t<div class=\"e-con-inner\">\n\t\t\t\t\t\t\t<h1 class=\"label e-heading-base\"  >\n\t\t\tI Nostri Servizi:\n\t\t<\/h1>\n\t\t\t\t\t\t\t<h3 class=\"h3-text t-white e-2403dc5-468177b page-title e-heading-base\"  >\n\t\t\tGarantiamo qualit\u00e0, sicurezza e professionalit\u00e0.\n\t\t<\/h3>\n\t\t\t\t\t<\/div>\n\t\t\t\t<\/div>\n\t\t\t\t<\/div>\n\t\t\t\t<\/div>\n\t\t<div class=\"elementor-element elementor-element-a2af854 e-flex e-con-boxed e-con e-parent\" data-id=\"a2af854\" data-element_type=\"container\">\n\t\t\t\t\t<div class=\"e-con-inner\">\n\t\t<div class=\"elementor-element elementor-element-1a68b06 e-con-full e-flex e-con e-child\" data-id=\"1a68b06\" data-element_type=\"container\">\n\t\t\t\t<div class=\"elementor-element elementor-element-55ec65d e-con e-atomic-element e-div-block-base e-55ec65d-b78ca8a\" data-id=\"55ec65d\" data-element_type=\"e-div-block\">\n\t\t\t\t<div class=\"elementor-element elementor-element-8ec9bde elementor-widget elementor-widget-heading\" data-id=\"8ec9bde\" data-element_type=\"widget\" data-widget_type=\"heading.default\">\n\t\t\t\t\t<h3 class=\"elementor-heading-title elementor-size-default\">Acquisto e Vendita Bestiame<\/h3>\t\t\t\t<\/div>\n\t\t\t\t<div class=\"elementor-element elementor-element-b1f07b4 elementor-widget__width-initial elementor-widget elementor-widget-text-editor\" data-id=\"b1f07b4\" data-element_type=\"widget\" data-widget_type=\"text-editor.default\">\n\t\t\t\t\t\t\t\t\t<p data-start=\"15\" data-end=\"580\">Grazie a oltre quarant\u2019anni di esperienza nel commercio di animali (bovini, suini e ovini), selezioniamo e vendiamo bestiame con la massima attenzione alla qualit\u00e0 e alla salute degli animali. Ogni capo \u00e8 sottoposto a controlli veterinari per garantire sicurezza e conformit\u00e0 alle normative vigenti.<\/p>\t\t\t\t\t\t\t\t<\/div>\n\t\t\t\t<div class=\"elementor-element elementor-element-bc38402 elementor-widget elementor-widget-button\" data-id=\"bc38402\" data-element_type=\"widget\" data-widget_type=\"button.default\">\n\t\t\t\t\t\t\t\t\t\t<a class=\"elementor-button elementor-button-link elementor-size-sm\" href=\"http:\/\/www.spadola.branddiretto.com\/spadola\/contatti\/\">\n\t\t\t\t\t\t<span class=\"elementor-button-content-wrapper\">\n\t\t\t\t\t\t<span class=\"elementor-button-icon\">\n\t\t\t\t<svg aria-hidden=\"true\" class=\"e-font-icon-svg e-fas-angle-right\" viewBox=\"0 0 256 512\" xmlns=\"http:\/\/www.w3.org\/2000\/svg\"><path d=\"M224.3 273l-136 136c-9.4 9.4-24.6 9.4-33.9 0l-22.6-22.6c-9.4-9.4-9.4-24.6 0-33.9l96.4-96.4-96.4-96.4c-9.4-9.4-9.4-24.6 0-33.9L54.3 103c9.4-9.4 24.6-9.4 33.9 0l136 136c9.5 9.4 9.5 24.6.1 34z\"><\/path><\/svg>\t\t\t<\/span>\n\t\t\t\t\t\t\t\t\t<span class=\"elementor-button-text\">Contattaci per maggiori informazioni<\/span>\n\t\t\t\t\t<\/span>\n\t\t\t\t\t<\/a>\n\t\t\t\t\t\t\t\t<\/div>\n\t\t\t\t<\/div>\n\t\t\t\t<\/div>\n\t\t<div class=\"elementor-element elementor-element-3d383e3 e-con-full e-flex e-con e-child\" data-id=\"3d383e3\" data-element_type=\"container\" data-aos=\"fade-up\" data-aos-delay=\"200\" data-aos-duration=\"500\">\n\t\t\t\t\t\t\t\n\t\t<img class=\"e-image-base e-13c730b-b88eef2\"  \n\t\t\t\t\t\t\t\t\tsrc=\"https:\/\/www.spadola.branddiretto.com\/spadola\/wp-content\/uploads\/2025\/07\/DSC_5555-768x512.jpg\"\n\t\t\t\t\t\t\t\t\t\t\t\twidth=\"768\"\n\t\t\t\t\t\t\t\t\t\t\t\theight=\"512\"\n\t\t\t\t\t\t\t\t\t\t\t\tsrcset=\"https:\/\/www.spadola.branddiretto.com\/spadola\/wp-content\/uploads\/2025\/07\/DSC_5555-768x512.jpg 768w, https:\/\/www.spadola.branddiretto.com\/spadola\/wp-content\/uploads\/2025\/07\/DSC_5555-300x200.jpg 300w, https:\/\/www.spadola.branddiretto.com\/spadola\/wp-content\/uploads\/2025\/07\/DSC_5555-1024x682.jpg 1024w, https:\/\/www.spadola.branddiretto.com\/spadola\/wp-content\/uploads\/2025\/07\/DSC_5555-1536x1023.jpg 1536w, https:\/\/www.spadola.branddiretto.com\/spadola\/wp-content\/uploads\/2025\/07\/DSC_5555.jpg 1600w\"\n\t\t\t\t\t\t\t\t\t\t\t\talt=\"\"\n\t\t\t\t\t\t\/>\n\t\t\t\t\t<\/div>\n\t\t\t\t\t<\/div>\n\t\t\t\t<\/div>\n\t\t<div class=\"elementor-element elementor-element-d890dab e-flex e-con-boxed e-con e-parent\" data-id=\"d890dab\" data-element_type=\"container\">\n\t\t\t\t\t<div class=\"e-con-inner\">\n\t\t<div class=\"elementor-element elementor-element-470c5f5 e-con-full e-flex e-con e-child\" data-id=\"470c5f5\" data-element_type=\"container\">\n\t\t\t\t<div class=\"elementor-element elementor-element-0a60ccc e-con e-atomic-element e-div-block-base e-0a60ccc-cdb2e3b\" data-id=\"0a60ccc\" data-element_type=\"e-div-block\">\n\t\t\t\t<div class=\"elementor-element elementor-element-40b13d2 elementor-widget elementor-widget-heading\" data-id=\"40b13d2\" data-element_type=\"widget\" data-widget_type=\"heading.default\">\n\t\t\t\t\t<h3 class=\"elementor-heading-title elementor-size-default\">Trasporto Animali Vivi<\/h3>\t\t\t\t<\/div>\n\t\t\t\t<div class=\"elementor-element elementor-element-538d0e3 elementor-widget__width-initial elementor-widget elementor-widget-text-editor\" data-id=\"538d0e3\" data-element_type=\"widget\" data-widget_type=\"text-editor.default\">\n\t\t\t\t\t\t\t\t\t<p data-start=\"15\" data-end=\"580\">Offriamo un servizio di trasporto professionale per animali vivi, assicurando il rispetto delle norme sul benessere animale. I nostri mezzi sono attrezzati per garantire viaggi confortevoli e sicuri, riducendo al minimo lo stress per gli animali.<\/p>\t\t\t\t\t\t\t\t<\/div>\n\t\t\t\t<div class=\"elementor-element elementor-element-d825d90 elementor-widget elementor-widget-button\" data-id=\"d825d90\" data-element_type=\"widget\" data-widget_type=\"button.default\">\n\t\t\t\t\t\t\t\t\t\t<a class=\"elementor-button elementor-button-link elementor-size-sm\" href=\"http:\/\/www.spadola.branddiretto.com\/spadola\/contatti\/\">\n\t\t\t\t\t\t<span class=\"elementor-button-content-wrapper\">\n\t\t\t\t\t\t<span class=\"elementor-button-icon\">\n\t\t\t\t<svg aria-hidden=\"true\" class=\"e-font-icon-svg e-fas-angle-right\" viewBox=\"0 0 256 512\" xmlns=\"http:\/\/www.w3.org\/2000\/svg\"><path d=\"M224.3 273l-136 136c-9.4 9.4-24.6 9.4-33.9 0l-22.6-22.6c-9.4-9.4-9.4-24.6 0-33.9l96.4-96.4-96.4-96.4c-9.4-9.4-9.4-24.6 0-33.9L54.3 103c9.4-9.4 24.6-9.4 33.9 0l136 136c9.5 9.4 9.5 24.6.1 34z\"><\/path><\/svg>\t\t\t<\/span>\n\t\t\t\t\t\t\t\t\t<span class=\"elementor-button-text\">Contattaci per maggiori informazioni<\/span>\n\t\t\t\t\t<\/span>\n\t\t\t\t\t<\/a>\n\t\t\t\t\t\t\t\t<\/div>\n\t\t\t\t<\/div>\n\t\t\t\t<\/div>\n\t\t<div class=\"elementor-element elementor-element-d7f7ce2 e-con-full e-flex e-con e-child\" data-id=\"d7f7ce2\" data-element_type=\"container\" data-aos=\"fade-up\" data-aos-duration=\"500\">\n\t\t\t\t\t\t\t\n\t\t<img class=\"e-image-base e-2447f49-fe649a1\"  \n\t\t\t\t\t\t\t\t\tsrc=\"https:\/\/www.spadola.branddiretto.com\/spadola\/wp-content\/uploads\/2025\/07\/trasporto-animali-768x417.webp\"\n\t\t\t\t\t\t\t\t\t\t\t\twidth=\"768\"\n\t\t\t\t\t\t\t\t\t\t\t\theight=\"417\"\n\t\t\t\t\t\t\t\t\t\t\t\tsrcset=\"https:\/\/www.spadola.branddiretto.com\/spadola\/wp-content\/uploads\/2025\/07\/trasporto-animali-768x417.webp 768w, https:\/\/www.spadola.branddiretto.com\/spadola\/wp-content\/uploads\/2025\/07\/trasporto-animali-300x163.webp 300w, https:\/\/www.spadola.branddiretto.com\/spadola\/wp-content\/uploads\/2025\/07\/trasporto-animali.webp 1024w\"\n\t\t\t\t\t\t\t\t\t\t\t\talt=\"\"\n\t\t\t\t\t\t\/>\n\t\t\t\t\t<\/div>\n\t\t\t\t\t<\/div>\n\t\t\t\t<\/div>\n\t\t<div class=\"elementor-element elementor-element-a174c5c e-flex e-con-boxed e-con e-parent\" data-id=\"a174c5c\" data-element_type=\"container\">\n\t\t\t\t\t<div class=\"e-con-inner\">\n\t\t<div class=\"elementor-element elementor-element-ce577a7 e-con-full e-flex e-con e-child\" data-id=\"ce577a7\" data-element_type=\"container\">\n\t\t\t\t<div class=\"elementor-element elementor-element-c1615eb e-con e-atomic-element e-div-block-base e-c1615eb-fa8cdd0\" data-id=\"c1615eb\" data-element_type=\"e-div-block\">\n\t\t\t\t<div class=\"elementor-element elementor-element-650011e elementor-widget elementor-widget-heading\" data-id=\"650011e\" data-element_type=\"widget\" data-widget_type=\"heading.default\">\n\t\t\t\t\t<h3 class=\"elementor-heading-title elementor-size-default\">Macellazione MSU<\/h3>\t\t\t\t<\/div>\n\t\t\t\t<div class=\"elementor-element elementor-element-1bf2357 elementor-widget__width-initial elementor-widget elementor-widget-text-editor\" data-id=\"1bf2357\" data-element_type=\"widget\" data-widget_type=\"text-editor.default\">\n\t\t\t\t\t\t\t\t\t<p data-start=\"15\" data-end=\"580\">Nel nostro stabilimento autorizzato, eseguiamo la macellazione secondo i pi\u00f9 alti standard di igiene e sicurezza. Ogni capo \u00e8 sottoposto a rigorosi controlli sanitari, garantendo carne di alta qualit\u00e0 per il consumo umano.<\/p>\t\t\t\t\t\t\t\t<\/div>\n\t\t\t\t<div class=\"elementor-element elementor-element-4d3641d elementor-widget elementor-widget-button\" data-id=\"4d3641d\" data-element_type=\"widget\" data-widget_type=\"button.default\">\n\t\t\t\t\t\t\t\t\t\t<a class=\"elementor-button elementor-button-link elementor-size-sm\" href=\"http:\/\/www.spadola.branddiretto.com\/spadola\/contatti\/\">\n\t\t\t\t\t\t<span class=\"elementor-button-content-wrapper\">\n\t\t\t\t\t\t<span class=\"elementor-button-icon\">\n\t\t\t\t<svg aria-hidden=\"true\" class=\"e-font-icon-svg e-fas-angle-right\" viewBox=\"0 0 256 512\" xmlns=\"http:\/\/www.w3.org\/2000\/svg\"><path d=\"M224.3 273l-136 136c-9.4 9.4-24.6 9.4-33.9 0l-22.6-22.6c-9.4-9.4-9.4-24.6 0-33.9l96.4-96.4-96.4-96.4c-9.4-9.4-9.4-24.6 0-33.9L54.3 103c9.4-9.4 24.6-9.4 33.9 0l136 136c9.5 9.4 9.5 24.6.1 34z\"><\/path><\/svg>\t\t\t<\/span>\n\t\t\t\t\t\t\t\t\t<span class=\"elementor-button-text\">Contattaci per maggiori informazioni<\/span>\n\t\t\t\t\t<\/span>\n\t\t\t\t\t<\/a>\n\t\t\t\t\t\t\t\t<\/div>\n\t\t\t\t<\/div>\n\t\t\t\t<\/div>\n\t\t<div class=\"elementor-element elementor-element-b415812 e-con-full e-flex e-con e-child\" data-id=\"b415812\" data-element_type=\"container\" data-aos=\"fade-up\" data-aos-duration=\"500\">\n\t\t\t\t\t\t\t\n\t\t<img class=\"e-image-base e-480c4fa-68f61f2\"  \n\t\t\t\t\t\t\t\t\tsrc=\"https:\/\/www.spadola.branddiretto.com\/spadola\/wp-content\/uploads\/2025\/07\/macellazione-768x414.webp\"\n\t\t\t\t\t\t\t\t\t\t\t\twidth=\"768\"\n\t\t\t\t\t\t\t\t\t\t\t\theight=\"414\"\n\t\t\t\t\t\t\t\t\t\t\t\tsrcset=\"https:\/\/www.spadola.branddiretto.com\/spadola\/wp-content\/uploads\/2025\/07\/macellazione-768x414.webp 768w, https:\/\/www.spadola.branddiretto.com\/spadola\/wp-content\/uploads\/2025\/07\/macellazione-300x162.webp 300w, https:\/\/www.spadola.branddiretto.com\/spadola\/wp-content\/uploads\/2025\/07\/macellazione.webp 1024w\"\n\t\t\t\t\t\t\t\t\t\t\t\talt=\"\"\n\t\t\t\t\t\t\/>\n\t\t\t\t\t<\/div>\n\t\t\t\t\t<\/div>\n\t\t\t\t<\/div>\n\t\t<div class=\"elementor-element elementor-element-a81ce63 e-flex e-con-boxed e-con e-parent\" data-id=\"a81ce63\" data-element_type=\"container\">\n\t\t\t\t\t<div class=\"e-con-inner\">\n\t\t<div class=\"elementor-element elementor-element-f5c87c3 e-con-full e-flex e-con e-child\" data-id=\"f5c87c3\" data-element_type=\"container\">\n\t\t\t\t<div class=\"elementor-element elementor-element-03b0200 e-con e-atomic-element e-div-block-base e-03b0200-864f6da\" data-id=\"03b0200\" data-element_type=\"e-div-block\">\n\t\t\t\t<div class=\"elementor-element elementor-element-20036fb elementor-widget elementor-widget-heading\" data-id=\"20036fb\" data-element_type=\"widget\" data-widget_type=\"heading.default\">\n\t\t\t\t\t<h3 class=\"elementor-heading-title elementor-size-default\">Macellazione Halal<\/h3>\t\t\t\t<\/div>\n\t\t\t\t<div class=\"elementor-element elementor-element-70ce64a elementor-widget__width-initial elementor-widget elementor-widget-text-editor\" data-id=\"70ce64a\" data-element_type=\"widget\" data-widget_type=\"text-editor.default\">\n\t\t\t\t\t\t\t\t\t<p data-start=\"15\" data-end=\"580\">Effettuiamo la macellazione secondo il rito Halal, rispettando i principi religiosi e le normative igienico-sanitarie. Il nostro personale specializzato assicura che ogni fase del processo avvenga nel pieno rispetto delle tradizioni e della qualit\u00e0.<\/p>\t\t\t\t\t\t\t\t<\/div>\n\t\t\t\t<div class=\"elementor-element elementor-element-ef8eab7 elementor-widget elementor-widget-button\" data-id=\"ef8eab7\" data-element_type=\"widget\" data-widget_type=\"button.default\">\n\t\t\t\t\t\t\t\t\t\t<a class=\"elementor-button elementor-button-link elementor-size-sm\" href=\"http:\/\/www.spadola.branddiretto.com\/spadola\/contatti\/\">\n\t\t\t\t\t\t<span class=\"elementor-button-content-wrapper\">\n\t\t\t\t\t\t<span class=\"elementor-button-icon\">\n\t\t\t\t<svg aria-hidden=\"true\" class=\"e-font-icon-svg e-fas-angle-right\" viewBox=\"0 0 256 512\" xmlns=\"http:\/\/www.w3.org\/2000\/svg\"><path d=\"M224.3 273l-136 136c-9.4 9.4-24.6 9.4-33.9 0l-22.6-22.6c-9.4-9.4-9.4-24.6 0-33.9l96.4-96.4-96.4-96.4c-9.4-9.4-9.4-24.6 0-33.9L54.3 103c9.4-9.4 24.6-9.4 33.9 0l136 136c9.5 9.4 9.5 24.6.1 34z\"><\/path><\/svg>\t\t\t<\/span>\n\t\t\t\t\t\t\t\t\t<span class=\"elementor-button-text\">Contattaci per maggiori informazioni<\/span>\n\t\t\t\t\t<\/span>\n\t\t\t\t\t<\/a>\n\t\t\t\t\t\t\t\t<\/div>\n\t\t\t\t<\/div>\n\t\t\t\t<\/div>\n\t\t<div class=\"elementor-element elementor-element-ce4bbda e-con-full e-flex e-con e-child\" data-id=\"ce4bbda\" data-element_type=\"container\" data-aos=\"fade-up\" data-aos-duration=\"500\">\n\t\t\t\t\t\t\t\n\t\t<img class=\"e-image-base e-6f31e08-70d1c5a\"  \n\t\t\t\t\t\t\t\t\tsrc=\"https:\/\/www.spadola.branddiretto.com\/spadola\/wp-content\/uploads\/2025\/07\/macellazione-halal-768x530.webp\"\n\t\t\t\t\t\t\t\t\t\t\t\twidth=\"768\"\n\t\t\t\t\t\t\t\t\t\t\t\theight=\"530\"\n\t\t\t\t\t\t\t\t\t\t\t\tsrcset=\"https:\/\/www.spadola.branddiretto.com\/spadola\/wp-content\/uploads\/2025\/07\/macellazione-halal-768x530.webp 768w, https:\/\/www.spadola.branddiretto.com\/spadola\/wp-content\/uploads\/2025\/07\/macellazione-halal-300x207.webp 300w, https:\/\/www.spadola.branddiretto.com\/spadola\/wp-content\/uploads\/2025\/07\/macellazione-halal.webp 1024w\"\n\t\t\t\t\t\t\t\t\t\t\t\talt=\"\"\n\t\t\t\t\t\t\/>\n\t\t\t\t\t<\/div>\n\t\t\t\t\t<\/div>\n\t\t\t\t<\/div>\n\t\t<div class=\"elementor-element elementor-element-9d0c31b e-flex e-con-boxed e-con e-parent\" data-id=\"9d0c31b\" data-element_type=\"container\">\n\t\t\t\t\t<div class=\"e-con-inner\">\n\t\t<div class=\"elementor-element elementor-element-6bbb0c3 e-con-full e-flex e-con e-child\" data-id=\"6bbb0c3\" data-element_type=\"container\">\n\t\t\t\t<div class=\"elementor-element elementor-element-7727f96 e-con e-atomic-element e-div-block-base e-7727f96-34346f0\" data-id=\"7727f96\" data-element_type=\"e-div-block\">\n\t\t\t\t<div class=\"elementor-element elementor-element-cac8c1f elementor-widget elementor-widget-heading\" data-id=\"cac8c1f\" data-element_type=\"widget\" data-widget_type=\"heading.default\">\n\t\t\t\t\t<h3 class=\"elementor-heading-title elementor-size-default\">Macellazione e Sezionamento<\/h3>\t\t\t\t<\/div>\n\t\t\t\t<div class=\"elementor-element elementor-element-78747d8 elementor-widget__width-initial elementor-widget elementor-widget-text-editor\" data-id=\"78747d8\" data-element_type=\"widget\" data-widget_type=\"text-editor.default\">\n\t\t\t\t\t\t\t\t\t<p data-start=\"15\" data-end=\"580\">Dopo la macellazione, la carne viene lavorata con tecniche avanzate di sezionamento, permettendo la personalizzazione dei tagli in base alle esigenze dei clienti. Ogni fase del processo \u00e8 monitorata per garantire freschezza e sicurezza alimentare.<\/p>\t\t\t\t\t\t\t\t<\/div>\n\t\t\t\t<div class=\"elementor-element elementor-element-b18dfe8 elementor-widget elementor-widget-button\" data-id=\"b18dfe8\" data-element_type=\"widget\" data-widget_type=\"button.default\">\n\t\t\t\t\t\t\t\t\t\t<a class=\"elementor-button elementor-button-link elementor-size-sm\" href=\"http:\/\/www.spadola.branddiretto.com\/spadola\/contatti\/\">\n\t\t\t\t\t\t<span class=\"elementor-button-content-wrapper\">\n\t\t\t\t\t\t<span class=\"elementor-button-icon\">\n\t\t\t\t<svg aria-hidden=\"true\" class=\"e-font-icon-svg e-fas-angle-right\" viewBox=\"0 0 256 512\" xmlns=\"http:\/\/www.w3.org\/2000\/svg\"><path d=\"M224.3 273l-136 136c-9.4 9.4-24.6 9.4-33.9 0l-22.6-22.6c-9.4-9.4-9.4-24.6 0-33.9l96.4-96.4-96.4-96.4c-9.4-9.4-9.4-24.6 0-33.9L54.3 103c9.4-9.4 24.6-9.4 33.9 0l136 136c9.5 9.4 9.5 24.6.1 34z\"><\/path><\/svg>\t\t\t<\/span>\n\t\t\t\t\t\t\t\t\t<span class=\"elementor-button-text\">Contattaci per maggiori informazioni<\/span>\n\t\t\t\t\t<\/span>\n\t\t\t\t\t<\/a>\n\t\t\t\t\t\t\t\t<\/div>\n\t\t\t\t<\/div>\n\t\t\t\t<\/div>\n\t\t<div class=\"elementor-element elementor-element-6fd1cb3 e-con-full e-flex e-con e-child\" data-id=\"6fd1cb3\" data-element_type=\"container\" data-aos=\"fade-up\" data-aos-duration=\"500\">\n\t\t\t\t\t\t\t\n\t\t<img class=\"e-image-base e-5fac127-7522768\"  \n\t\t\t\t\t\t\t\t\tsrc=\"https:\/\/www.spadola.branddiretto.com\/spadola\/wp-content\/uploads\/2025\/07\/Macellazione-e-Sezionamento-768x414.webp\"\n\t\t\t\t\t\t\t\t\t\t\t\twidth=\"768\"\n\t\t\t\t\t\t\t\t\t\t\t\theight=\"414\"\n\t\t\t\t\t\t\t\t\t\t\t\tsrcset=\"https:\/\/www.spadola.branddiretto.com\/spadola\/wp-content\/uploads\/2025\/07\/Macellazione-e-Sezionamento-768x414.webp 768w, https:\/\/www.spadola.branddiretto.com\/spadola\/wp-content\/uploads\/2025\/07\/Macellazione-e-Sezionamento-300x162.webp 300w, https:\/\/www.spadola.branddiretto.com\/spadola\/wp-content\/uploads\/2025\/07\/Macellazione-e-Sezionamento.webp 1024w\"\n\t\t\t\t\t\t\t\t\t\t\t\talt=\"\"\n\t\t\t\t\t\t\/>\n\t\t\t\t\t<\/div>\n\t\t\t\t\t<\/div>\n\t\t\t\t<\/div>\n\t\t<div class=\"elementor-element elementor-element-5b1040b e-flex e-con-boxed e-con e-parent\" data-id=\"5b1040b\" data-element_type=\"container\">\n\t\t\t\t\t<div class=\"e-con-inner\">\n\t\t<div class=\"elementor-element elementor-element-2ee39ae e-con-full e-flex e-con e-child\" data-id=\"2ee39ae\" data-element_type=\"container\">\n\t\t\t\t<div class=\"elementor-element elementor-element-f50d657 e-con e-atomic-element e-div-block-base e-f50d657-02affb1\" data-id=\"f50d657\" data-element_type=\"e-div-block\">\n\t\t\t\t<div class=\"elementor-element elementor-element-22b63f5 elementor-widget elementor-widget-heading\" data-id=\"22b63f5\" data-element_type=\"widget\" data-widget_type=\"heading.default\">\n\t\t\t\t\t<h3 class=\"elementor-heading-title elementor-size-default\">Servizio Sottovuoto<\/h3>\t\t\t\t<\/div>\n\t\t\t\t<div class=\"elementor-element elementor-element-aea878f elementor-widget__width-initial elementor-widget elementor-widget-text-editor\" data-id=\"aea878f\" data-element_type=\"widget\" data-widget_type=\"text-editor.default\">\n\t\t\t\t\t\t\t\t\t<p data-start=\"15\" data-end=\"580\">Per garantire la massima freschezza e conservazione, offriamo il servizio di confezionamento sottovuoto. Questo metodo permette di preservare la qualit\u00e0 della carne pi\u00f9 a lungo, mantenendo intatte le sue propriet\u00e0 organolettiche.<\/p>\t\t\t\t\t\t\t\t<\/div>\n\t\t\t\t<div class=\"elementor-element elementor-element-80208be elementor-widget elementor-widget-button\" data-id=\"80208be\" data-element_type=\"widget\" data-widget_type=\"button.default\">\n\t\t\t\t\t\t\t\t\t\t<a class=\"elementor-button elementor-button-link elementor-size-sm\" href=\"http:\/\/www.spadola.branddiretto.com\/spadola\/contatti\/\">\n\t\t\t\t\t\t<span class=\"elementor-button-content-wrapper\">\n\t\t\t\t\t\t<span class=\"elementor-button-icon\">\n\t\t\t\t<svg aria-hidden=\"true\" class=\"e-font-icon-svg e-fas-angle-right\" viewBox=\"0 0 256 512\" xmlns=\"http:\/\/www.w3.org\/2000\/svg\"><path d=\"M224.3 273l-136 136c-9.4 9.4-24.6 9.4-33.9 0l-22.6-22.6c-9.4-9.4-9.4-24.6 0-33.9l96.4-96.4-96.4-96.4c-9.4-9.4-9.4-24.6 0-33.9L54.3 103c9.4-9.4 24.6-9.4 33.9 0l136 136c9.5 9.4 9.5 24.6.1 34z\"><\/path><\/svg>\t\t\t<\/span>\n\t\t\t\t\t\t\t\t\t<span class=\"elementor-button-text\">Contattaci per maggiori informazioni<\/span>\n\t\t\t\t\t<\/span>\n\t\t\t\t\t<\/a>\n\t\t\t\t\t\t\t\t<\/div>\n\t\t\t\t<\/div>\n\t\t\t\t<\/div>\n\t\t<div class=\"elementor-element elementor-element-947fa8e e-con-full e-flex e-con e-child\" data-id=\"947fa8e\" data-element_type=\"container\" data-aos=\"fade-up\" data-aos-duration=\"500\">\n\t\t\t\t\t\t\t\n\t\t<img class=\"e-image-base e-88e2266-455294b\"  \n\t\t\t\t\t\t\t\t\tsrc=\"https:\/\/www.spadola.branddiretto.com\/spadola\/wp-content\/uploads\/2025\/07\/sottovuoto-768x414.webp\"\n\t\t\t\t\t\t\t\t\t\t\t\twidth=\"768\"\n\t\t\t\t\t\t\t\t\t\t\t\theight=\"414\"\n\t\t\t\t\t\t\t\t\t\t\t\tsrcset=\"https:\/\/www.spadola.branddiretto.com\/spadola\/wp-content\/uploads\/2025\/07\/sottovuoto-768x414.webp 768w, https:\/\/www.spadola.branddiretto.com\/spadola\/wp-content\/uploads\/2025\/07\/sottovuoto-300x162.webp 300w, https:\/\/www.spadola.branddiretto.com\/spadola\/wp-content\/uploads\/2025\/07\/sottovuoto.webp 1024w\"\n\t\t\t\t\t\t\t\t\t\t\t\talt=\"\"\n\t\t\t\t\t\t\/>\n\t\t\t\t\t<\/div>\n\t\t\t\t\t<\/div>\n\t\t\t\t<\/div>\n\t\t<div class=\"elementor-element elementor-element-19e247c e-flex e-con-boxed e-con e-parent\" data-id=\"19e247c\" data-element_type=\"container\" data-settings=\"{&quot;background_background&quot;:&quot;classic&quot;,&quot;background_motion_fx_motion_fx_scrolling&quot;:&quot;yes&quot;,&quot;background_motion_fx_translateX_effect&quot;:&quot;yes&quot;,&quot;background_motion_fx_translateX_speed&quot;:{&quot;unit&quot;:&quot;px&quot;,&quot;size&quot;:2,&quot;sizes&quot;:[]},&quot;background_motion_fx_translateX_affectedRange&quot;:{&quot;unit&quot;:&quot;%&quot;,&quot;size&quot;:&quot;&quot;,&quot;sizes&quot;:{&quot;start&quot;:0,&quot;end&quot;:100}},&quot;background_motion_fx_devices&quot;:[&quot;desktop&quot;,&quot;tablet&quot;,&quot;mobile&quot;]}\">\n\t\t\t\t\t<div class=\"e-con-inner\">\n\t\t<div class=\"elementor-element elementor-element-80e029f e-con-full e-flex e-con e-child\" data-id=\"80e029f\" data-element_type=\"container\" data-aos=\"fade-right\" data-aos-delay=\"200\" data-aos-duration=\"500\">\n\t\t<div class=\"elementor-element elementor-element-bcfb83d e-con-full e-flex e-con e-child\" data-id=\"bcfb83d\" data-element_type=\"container\" data-settings=\"{&quot;background_background&quot;:&quot;classic&quot;}\">\n\t\t\t\t\t\t\t<h3 class=\"h3-text t-lightgreen e-heading-base\"  >\n\t\t\tDove trovarci\n\t\t<\/h3>\n\t\t\t\t\t\t\t\t<p class=\"p-text e-c8f8bb9-3a66ac8 t-white e-paragraph-base\"  >\n\t\t\t\t\t\t\t\t\t\tStabilimento: C.da Zammarra 201, Santa Croce Camerina (RG)\n\t\t\t\t\t\t<\/p>\n\t\t\t\t\t\t\t\t<p class=\"p-text e-1acf7c3-fb43600 t-white e-paragraph-base\"  >\n\t\t\t\t\t\t\t\t\t\tMacello: Zona Industriale I Fase, Ragusa\n\t\t\t\t\t\t<\/p>\n\t\t\t\t<\/div>\n\t\t\t\t<\/div>\n\t\t\t\t\t<\/div>\n\t\t\t\t<\/div>\n\t\t<div class=\"elementor-element elementor-element-756593b e-flex e-con-boxed e-con e-parent\" data-id=\"756593b\" data-element_type=\"container\" data-settings=\"{&quot;background_background&quot;:&quot;classic&quot;}\">\n\t\t\t\t\t<div class=\"e-con-inner\">\n\t\t\t\t<div class=\"elementor-element elementor-element-5001dec elementor-widget elementor-widget-heading\" data-id=\"5001dec\" data-element_type=\"widget\" data-widget_type=\"heading.default\">\n\t\t\t\t\t<h3 class=\"elementor-heading-title elementor-size-default\">Affidati alla Nostra Esperienza\n<\/h3>\t\t\t\t<\/div>\n\t\t\t\t<div class=\"elementor-element elementor-element-2f27953 elementor-widget__width-initial elementor-widget elementor-widget-text-editor\" data-id=\"2f27953\" data-element_type=\"widget\" data-widget_type=\"text-editor.default\">\n\t\t\t\t\t\t\t\t\t<p data-start=\"15\" data-end=\"580\">\u00a0Da oltre quarant\u2019anni, garantiamo qualit\u00e0, sicurezza e professionalit\u00e0 in ogni fase della filiera. Che tu abbia bisogno di acquistare bestiame, trasportarlo in sicurezza o ricevere carne lavorata secondo i pi\u00f9 alti standard, siamo il partner giusto per te.<\/p>\t\t\t\t\t\t\t\t<\/div>\n\t\t\t\t<div class=\"elementor-element elementor-element-c20445f e-con e-atomic-element e-div-block-base e-c20445f-e1d33d3\" data-id=\"c20445f\" data-element_type=\"e-div-block\">\n\t\t\t\t\t    \t            <a\n            href=\"http:\/\/www.spadola.branddiretto.com\/spadola\/?page_id=790\"\n            target=\"_self\"\n            class=\"btn-primary e-a891a77-e741c7f btn-white e-button-base\"\n             \n        >\n            Contattaci\n        <\/a>\n    \t\t\t\t<\/div>\n\t\t\t\t\t<\/div>\n\t\t\t\t<\/div>\n\t\t\t\t<\/div>\n\t\t","protected":false},"excerpt":{"rendered":"<p>I Nostri Servizi: Garantiamo qualit\u00e0, sicurezza e professionalit\u00e0. Acquisto e Vendita Bestiame Grazie a oltre quarant\u2019anni di esperienza nel commercio di animali (bovini, suini e ovini), selezioniamo e vendiamo bestiame con la massima attenzione alla qualit\u00e0 e alla salute degli animali. Ogni capo \u00e8 sottoposto a controlli veterinari per garantire sicurezza e conformit\u00e0 alle normative [&hellip;]<\/p>\n","protected":false},"author":1,"featured_media":0,"parent":0,"menu_order":0,"comment_status":"closed","ping_status":"closed","template":"","meta":{"footnotes":""},"class_list":["post-760","page","type-page","status-publish","hentry"],"_links":{"self":[{"href":"https:\/\/www.spadola.branddiretto.com\/spadola\/wp-json\/wp\/v2\/pages\/760","targetHints":{"allow":["GET"]}}],"collection":[{"href":"https:\/\/www.spadola.branddiretto.com\/spadola\/wp-json\/wp\/v2\/pages"}],"about":[{"href":"https:\/\/www.spadola.branddiretto.com\/spadola\/wp-json\/wp\/v2\/types\/page"}],"author":[{"embeddable":true,"href":"https:\/\/www.spadola.branddiretto.com\/spadola\/wp-json\/wp\/v2\/users\/1"}],"replies":[{"embeddable":true,"href":"https:\/\/www.spadola.branddiretto.com\/spadola\/wp-json\/wp\/v2\/comments?post=760"}],"version-history":[{"count":0,"href":"https:\/\/www.spadola.branddiretto.com\/spadola\/wp-json\/wp\/v2\/pages\/760\/revisions"}],"wp:attachment":[{"href":"https:\/\/www.spadola.branddiretto.com\/spadola\/wp-json\/wp\/v2\/media?parent=760"}],"curies":[{"name":"wp","href":"https:\/\/api.w.org\/{rel}","templated":true}]}}